{"id":155,"date":"2026-01-19T15:12:09","date_gmt":"2026-01-19T18:12:09","guid":{"rendered":"https:\/\/lainf.ibict.br\/?page_id=155"},"modified":"2026-03-13T15:28:35","modified_gmt":"2026-03-13T18:28:35","slug":"apresentacao","status":"publish","type":"page","link":"https:\/\/lainf.ibict.br\/?page_id=155","title":{"rendered":"Apresenta\u00e7\u00e3o"},"content":{"rendered":"<h1 class=\"text-text-100 mt-3 -mb-1 text-[1.375rem] font-bold\">Laborat\u00f3rio de Arquitetura da Informa\u00e7\u00e3o (LAInf)<\/h1>\n<p class=\"font-claude-response-body break-words whitespace-normal leading-[1.7]\">O Laborat\u00f3rio de Arquitetura da Informa\u00e7\u00e3o (LAInf) \u00e9 um grupo de pesquisa certificado pelo Conselho Nacional de Desenvolvimento Cient\u00edfico e Tecnol\u00f3gico (CNPq), vinculado ao Instituto Brasileiro de Informa\u00e7\u00e3o em Ci\u00eancia e Tecnologia (Ibict) e em parceria com a Faculdade de Filosofia e Ci\u00eancias do Campus de Mar\u00edlia da Universidade Estadual Paulista (Unesp\/FFC).<\/p>\n<p class=\"font-claude-response-body break-words whitespace-normal leading-[1.7]\">Fundado em dezembro de 2025, o LAInf nasce com o compromisso de produzir conhecimento cient\u00edfico qualificado na interse\u00e7\u00e3o entre a organiza\u00e7\u00e3o da informa\u00e7\u00e3o, as tecnologias digitais e as demandas contempor\u00e2neas da sociedade em rede. O laborat\u00f3rio tem como eixo central a <strong>Arquitetura da Informa\u00e7\u00e3o<\/strong>, campo que se dedica ao estudo e \u00e0 concep\u00e7\u00e3o de estruturas e ambientes informacionais que sejam ao mesmo tempo funcionais, acess\u00edveis e orientados \u00e0 experi\u00eancia dos sujeitos que os utilizam.<\/p>\n<h2 class=\"text-text-100 mt-3 -mb-1 text-[1.125rem] font-bold\">Miss\u00e3o<\/h2>\n<p class=\"font-claude-response-body break-words whitespace-normal leading-[1.7]\">Desenvolver pesquisas cient\u00edficas e tecnol\u00f3gicas em Arquitetura da Informa\u00e7\u00e3o, contribuindo para a produ\u00e7\u00e3o, organiza\u00e7\u00e3o, acesso e preserva\u00e7\u00e3o da informa\u00e7\u00e3o em ambientes digitais, com \u00eanfase na inova\u00e7\u00e3o, na inclus\u00e3o e na valoriza\u00e7\u00e3o do patrim\u00f4nio cultural.<\/p>\n<h2 class=\"text-text-100 mt-3 -mb-1 text-[1.125rem] font-bold\">Linhas de Pesquisa<\/h2>\n<h3 class=\"text-text-100 mt-2 -mb-1 text-base font-bold\">Arquitetura da Informa\u00e7\u00e3o Digital<\/h3>\n<p class=\"font-claude-response-body break-words whitespace-normal leading-[1.7]\"><span>Desenvolver pesquisas cient\u00edficas e aplicadas em Arquitetura da Informa\u00e7\u00e3o Digital, investigando m\u00e9todos, t\u00e9cnicas, tecnologias e fundamentos te\u00f3ricos para organiza\u00e7\u00e3o, navega\u00e7\u00e3o, rotulagem e recupera\u00e7\u00e3o da informa\u00e7\u00e3o em ambientes informacionais digitais. Construir ecologias informacionais complexas que promovam a encontrabilidade da informa\u00e7\u00e3o, e experi\u00eancias imersivas e transformadoras, de modo a promover a inclus\u00e3o digital e a democratiza\u00e7\u00e3o do conhecimento em contextos diversos.<\/span><\/p>\n<h3 class=\"text-text-100 mt-2 -mb-1 text-base font-bold\">Intelig\u00eancia Artificial<\/h3>\n<p class=\"font-claude-response-body break-words whitespace-normal leading-[1.7]\"><span>Investigar, desenvolver e aplicar princ\u00edpios de Arquitetura da Informa\u00e7\u00e3o que potencializem sistemas inteligentes, promovendo a organiza\u00e7\u00e3o, recupera\u00e7\u00e3o, acesso e dissemina\u00e7\u00e3o de informa\u00e7\u00f5es em ambientes mediados pela Intelig\u00eancia Artificial, com foco em solu\u00e7\u00f5es \u00e9ticas, centradas no usu\u00e1rio e adaptativas \u00e0s demandas da transforma\u00e7\u00e3o digital contempor\u00e2nea. Projetar arquiteturas informacionais para ambientes digitais, com o uso de t\u00e9cnicas e tecnologias de Intelig\u00eancia Artificial.<\/span><\/p>\n<h3 class=\"text-text-100 mt-2 -mb-1 text-base font-bold\">Patrim\u00f4nio e Cultura Digital<\/h3>\n<p class=\"font-claude-response-body break-words whitespace-normal leading-[1.7]\"><span>Desenvolver e aplicar princ\u00edpios, metodologias e solu\u00e7\u00f5es de Arquitetura da Informa\u00e7\u00e3o voltados \u00e0 organiza\u00e7\u00e3o, representa\u00e7\u00e3o, preserva\u00e7\u00e3o e dissemina\u00e7\u00e3o do patrim\u00f4nio cultural material e imaterial, promovendo o acesso democr\u00e1tico, a valoriza\u00e7\u00e3o da mem\u00f3ria coletiva e a sustentabilidade informacional do legado cultural em ambientes digitais. Projetar arquiteturas de informa\u00e7\u00f5es para reposit\u00f3rios digitais, museus virtuais, bibliotecas digitais e plataformas de acesso ao patrim\u00f4nio cultural.<\/span><\/p>\n<h2 class=\"text-text-100 mt-3 -mb-1 text-[1.125rem] font-bold\">Lideran\u00e7a<\/h2>\n<p class=\"font-claude-response-body break-words whitespace-normal leading-[1.7]\">O LAInf \u00e9 liderado pela <strong>Profa. Dra. Silvana Aparecida Gregorio Vidotti<\/strong>, pesquisadora de reconhecida trajet\u00f3ria nas \u00e1reas de Ci\u00eancia da Informa\u00e7\u00e3o e Arquitetura da Informa\u00e7\u00e3o, e pelo <strong>Dr. Arthur Ferreira Campos<\/strong>, vice-l\u00edder do grupo, Tecnologista do Ibict\/MCTI.<\/p>\n<h2 class=\"text-text-100 mt-3 -mb-1 text-[1.125rem] font-bold\">V\u00ednculos Institucionais<\/h2>\n<ul class=\"[li_&amp;]:mb-0 [li_&amp;]:mt-1 [li_&amp;]:gap-1 [&amp;:not(:last-child)_ul]:pb-1 [&amp;:not(:last-child)_ol]:pb-1 list-disc flex flex-col gap-1 pl-8 mb-3\">\n<li class=\"whitespace-normal break-words pl-2\"><strong>Institui\u00e7\u00e3o sede:<\/strong> Instituto Brasileiro de Informa\u00e7\u00e3o em Ci\u00eancia e Tecnologia (Ibict)<\/li>\n<li class=\"whitespace-normal break-words pl-2\"><strong>Institui\u00e7\u00e3o parceira:<\/strong> Faculdade de Filosofia e Ci\u00eancias \u2013 Campus de Mar\u00edlia (Unesp\/FFC)<\/li>\n<\/ul>\n<hr class=\"border-border-200 border-t-0.5 my-3 mx-1.5\" \/>\n<p class=\"font-claude-response-body break-words whitespace-normal leading-[1.7]\"><em>O LAInf est\u00e1 cadastrado no <span style=\"color: #000080;\"><strong><a href=\"http:\/\/dgp.cnpq.br\/dgp\/espelhogrupo\/826885\" target=\"_blank\" style=\"color: #000080;\" rel=\"noopener\">Diret\u00f3rio dos Grupos de Pesquisa do CNPq<\/a><\/strong><\/span> e aberto \u00e0 colabora\u00e7\u00e3o com pesquisadores, estudantes e institui\u00e7\u00f5es comprometidos com o avan\u00e7o do conhecimento em Arquitetura da Informa\u00e7\u00e3o e \u00e1reas afins.<\/em><\/p>\n\n\n<p><\/p>\n","protected":false},"excerpt":{"rendered":"<p>Laborat\u00f3rio de Arquitetura da Informa\u00e7\u00e3o (LAInf) O Laborat\u00f3rio de Arquitetura da Informa\u00e7\u00e3o (LAInf) \u00e9 um grupo de pesquisa certificado pelo Conselho Nacional de Desenvolvimento Cient\u00edfico e Tecnol\u00f3gico (CNPq), vinculado ao Instituto Brasileiro de Informa\u00e7\u00e3o em Ci\u00eancia e Tecnologia (Ibict) e em parceria com a Faculdade de Filosofia e Ci\u00eancias do [&hellip;]<\/p>\n","protected":false},"author":4,"featured_media":0,"parent":0,"menu_order":0,"comment_status":"closed","ping_status":"closed","template":"","meta":{"_themeisle_gutenberg_block_has_review":false,"footnotes":""},"class_list":["post-155","page","type-page","status-publish","hentry"],"_links":{"self":[{"href":"https:\/\/lainf.ibict.br\/index.php?rest_route=\/wp\/v2\/pages\/155","targetHints":{"allow":["GET"]}}],"collection":[{"href":"https:\/\/lainf.ibict.br\/index.php?rest_route=\/wp\/v2\/pages"}],"about":[{"href":"https:\/\/lainf.ibict.br\/index.php?rest_route=\/wp\/v2\/types\/page"}],"author":[{"embeddable":true,"href":"https:\/\/lainf.ibict.br\/index.php?rest_route=\/wp\/v2\/users\/4"}],"replies":[{"embeddable":true,"href":"https:\/\/lainf.ibict.br\/index.php?rest_route=%2Fwp%2Fv2%2Fcomments&post=155"}],"version-history":[{"count":9,"href":"https:\/\/lainf.ibict.br\/index.php?rest_route=\/wp\/v2\/pages\/155\/revisions"}],"predecessor-version":[{"id":336,"href":"https:\/\/lainf.ibict.br\/index.php?rest_route=\/wp\/v2\/pages\/155\/revisions\/336"}],"wp:attachment":[{"href":"https:\/\/lainf.ibict.br\/index.php?rest_route=%2Fwp%2Fv2%2Fmedia&parent=155"}],"curies":[{"name":"wp","href":"https:\/\/api.w.org\/{rel}","templated":true}]}}