{"id":165,"date":"2026-01-19T15:12:56","date_gmt":"2026-01-19T18:12:56","guid":{"rendered":"https:\/\/lainf.ibict.br\/?page_id=165"},"modified":"2026-05-08T14:02:43","modified_gmt":"2026-05-08T17:02:43","slug":"agenda-de-reunioes","status":"publish","type":"page","link":"https:\/\/lainf.ibict.br\/?page_id=165","title":{"rendered":"Agenda de reuni\u00f5es"},"content":{"rendered":"\n<div class=\"wp-block-group\"><div class=\"wp-block-group__inner-container is-layout-constrained wp-block-group-is-layout-constrained\">\n<div class=\"wp-block-columns is-layout-flex wp-container-core-columns-is-layout-28f84493 wp-block-columns-is-layout-flex\">\n<div class=\"wp-block-column is-layout-flow wp-block-column-is-layout-flow\" style=\"flex-basis:100%\">\n<figure class=\"wp-block-table is-style-stripes\"><table class=\"has-black-color has-text-color has-link-color has-fixed-layout\"><thead><tr><th>M\u00eas\/Ano<\/th><th>Pauta<\/th><th class=\"has-text-align-center\" data-align=\"center\">Hor\u00e1rio<\/th><\/tr><\/thead><tbody><tr><td>Maio\/2026<\/td><td>08\/05\/2026<br><ul><li>Apresenta\u00e7\u00e3o do Prof. Dr. Caio Saraiva Coneglian sobre: &#8220;<em style=\"font-family: inherit; font-size: inherit; font-weight: inherit;\"><a href=\"https:\/\/enancib.ancib.org\/enancib\/pt_BR\/article\/view\/1801\">Recupera\u00e7\u00e3o da informa\u00e7\u00e3o e Intelig\u00eancia Artificial Generativa com large language model e retrieval-augmented generation<\/a><\/em><span style=\"font-family: inherit; font-size: inherit; font-weight: inherit;\">&#8220;<\/span><\/li><\/ul><\/td><td class=\"has-text-align-center\" data-align=\"center\">11h<\/td><\/tr><tr><td>Abr.\/2026<\/td><td>24\/04\/2026<br><ul><li>Apresenta\u00e7\u00e3o do Prof. Dr. Caio Saraiva Coneglian sobre: &#8220;<em>Web Sem\u00e2ntica e Intelig\u00eancia Artificial aplicada a Ci\u00eancia da Informa\u00e7\u00e3o<\/em>&#8220;;<\/li><\/ul><ul><li>Texto base: Tese &#8220;<a style=\"font-family: inherit; font-size: inherit; font-weight: inherit;\" href=\"http:\/\/hdl.handle.net\/11449\/193051\"><em>Recupera\u00e7\u00e3o da informa\u00e7\u00e3o com abordagem sem\u00e2ntica utilizando linguagem natural: a intelig\u00eancia artificial na ci\u00eancia da informa\u00e7\u00e3o<\/em><\/a><span style=\"font-family: inherit; font-size: inherit; font-weight: inherit;\">&#8221; (Coneglian, 2020)<\/span><\/li><\/ul><\/td><td class=\"has-text-align-center\" data-align=\"center\">11h<\/td><\/tr><tr><td>Abr.\/2026<\/td><td>17\/04\/2026<br><ul><li>Apresenta\u00e7\u00e3o da Dra. Lais Barbudo Carrasco sobre: &#8220;<em>Modelos Conceituais e a Representa\u00e7\u00e3o do Patrim\u00f4nio Cultural em Ambientes Digitais<\/em>&#8220;;<\/li><\/ul><ul><li>Texto base: Tese &#8220;<em style=\"font-family: inherit; font-size: inherit; font-weight: inherit;\"><a href=\"http:\/\/hdl.handle.net\/11449\/182113\" data-type=\"link\" data-id=\"http:\/\/hdl.handle.net\/11449\/182113\">Integra\u00e7\u00e3o de conte\u00fados culturais heterog\u00eaneos em ambientes digitais do patrim\u00f4nio cultural: harmoniza\u00e7\u00e3o de modelos conceituais<\/a><\/em><span style=\"font-family: inherit; font-size: inherit; font-weight: inherit;\">&#8221; (Carrasco, 2019)<\/span><\/li><\/ul><\/td><td class=\"has-text-align-center\" data-align=\"center\">11h<\/td><\/tr><tr><td>Abr.\/2026<\/td><td>10\/04\/2026<br><ul><li>Apresenta\u00e7\u00e3o do Dr. Leonardo Hermes Lemos sobre sua tese: &#8220;<a href=\"https:\/\/repositorio.ufsc.br\/handle\/123456789\/257149\" data-type=\"link\" data-id=\"https:\/\/repositorio.ufsc.br\/handle\/123456789\/257149\"><em>Gest\u00e3o da informa\u00e7\u00e3o, patrim\u00f4nio documental e museus: reflex\u00f5es e diretrizes acerca da gest\u00e3o<\/em><\/a>&#8220;<\/li><\/ul><\/td><td class=\"has-text-align-center\" data-align=\"center\">11h<\/td><\/tr><tr><td>Mar.\/2026<\/td><td>27\/03\/2026<br><ul><li>Apresenta\u00e7\u00e3o do Dr. Arthur Ferreira Campos sobre sua tese: <em>&#8220;<a href=\"https:\/\/repositorio.ufpb.br\/jspui\/handle\/123456789\/31584\" target=\"_blank\" rel=\"noreferrer noopener\">Contribui\u00e7\u00f5es te\u00f3ricas e pr\u00e1ticas da arquitetura da informa\u00e7\u00e3o para a gest\u00e3o e avalia\u00e7\u00e3o de reposit\u00f3rios institucionais<\/a><\/em>&#8220;<\/li><\/ul><\/td><td class=\"has-text-align-center\" data-align=\"center\">11h<\/td><\/tr><tr><td>Mar.\/2026<\/td><td>20\/03\/2026<br><ul><li>Apresenta\u00e7\u00e3o da Dra. Fernanda Sanchez sobre: <em>&#8220;O contributo da Intencionalidade Informacional para a Ci\u00eancia da Informa\u00e7\u00e3o<\/em>&#8220;<\/li><\/ul><br><ul><li>Texto base: Tese &#8220;<a href=\"https:\/\/hdl.handle.net\/11449\/256900\" data-type=\"link\" data-id=\"https:\/\/hdl.handle.net\/11449\/256900\" target=\"_blank\" rel=\"noreferrer noopener\">Intencionalidade informacional: abordagens te\u00f3ricas, t\u00e9cnicas e tecnol\u00f3gicas no campo da ci\u00eancia da informa\u00e7\u00e3o<\/a><span style=\"font-family: inherit; font-size: inherit; font-weight: inherit; color: initial;\">&#8221; (Sanchez, 2024)<\/span><\/li><\/ul><br><\/td><td class=\"has-text-align-center\" data-align=\"center\">11h<\/td><\/tr><tr><td>Mar.\/2026<\/td><td>13\/03\/2026<br><ul><li>Apresenta\u00e7\u00e3o da Dra. Fernanda Sanchez sobre: <em>&#8220;O conceito de Encontrabilidade da Informa\u00e7\u00e3o no contexto da Ci\u00eancia da Informa\u00e7\u00e3o<\/em>&#8220;<\/li><\/ul><br><ul><li>Texto base: Livro &#8220;<a href=\"https:\/\/www.culturaacademica.com.br\/catalogo\/encontrabilidade-da-informacao\/\" data-type=\"link\" data-id=\"https:\/\/www.culturaacademica.com.br\/catalogo\/encontrabilidade-da-informacao\/\" target=\"_blank\" rel=\"noreferrer noopener\">Encontrabilidade da Informa\u00e7\u00e3o<\/a><span style=\"font-family: inherit; font-size: inherit; font-weight: inherit; color: initial;\">&#8221; (Vechiato; Vidotti, 2014)<\/span><\/li><\/ul><\/td><td class=\"has-text-align-center\" data-align=\"center\">11h<\/td><\/tr><tr><td>Mar.\/2026<\/td><td><span class=\"lainf-ag-data\">06\/03\/2026<\/span> <ul><li>Apresenta\u00e7\u00e3o da Dra. Ana Ferreira sobre sua tese: <em>&#8220;<a href=\"http:\/\/hdl.handle.net\/11449\/157487\" target=\"_blank\" rel=\"noreferrer noopener\">Contribui\u00e7\u00f5es da Experi\u00eancia do Usu\u00e1rio para a Arquitetura da Informa\u00e7\u00e3o<\/a>&#8220;<\/em>.<\/li> <\/ul><\/td><td class=\"has-text-align-center\" data-align=\"center\"><span class=\"lainf-ag-badge\">11h<\/span><\/td><\/tr><tr><td>Fev.\/2026<\/td><td><span class=\"lainf-ag-data\">27\/02\/2026<\/span> <ul><li>Apresenta\u00e7\u00e3o do Prof. Me. Gustavo Camossi sobre seu artigo: <em>&#8220;<a href=\"https:\/\/periodicos.ufpb.br\/index.php\/ies\/article\/view\/68233\" target=\"_blank\" rel=\"noreferrer noopener\">As t\u00e9cnicas de search engine optimization (SEO) e a experi\u00eancia dos usu\u00e1rios em ambientes informacionais<\/a>&#8220;<\/em>.<\/li> <\/ul><\/td><td class=\"has-text-align-center\" data-align=\"center\"><span class=\"lainf-ag-badge\">11h<\/span><\/td><\/tr><tr><td>Fev.\/2026<\/td><td><span class=\"lainf-ag-data\">20\/02\/2026<\/span> <ul><li>Apresenta\u00e7\u00e3o da Doutoranda em Ci\u00eancia da Informa\u00e7\u00e3o Suellen Timm Barros sobre seu artigo: <em>&#8220;<a href=\"https:\/\/doi.org\/10.22477\/vii.widat.189\" target=\"_blank\" rel=\"noreferrer noopener\">Al\u00e9m do Clique: o que os dados de fixa\u00e7\u00e3o do olhar revelam em rela\u00e7\u00e3o ao &#8216;Sobre esse Resultado&#8217; no Google<\/a>&#8220;<\/em>.<\/li> <\/ul><\/td><td class=\"has-text-align-center\" data-align=\"center\"><span class=\"lainf-ag-badge\">11h<\/span><\/td><\/tr><tr><td>Fev.\/2026<\/td><td><span class=\"lainf-ag-data\">13\/02\/2026<\/span> <ul><li>Apresenta\u00e7\u00e3o da bibliotec\u00e1ria Dra. Mariana Brandt sobre sua tese: <em>&#8220;<a href=\"http:\/\/hdl.handle.net\/11449\/191740\" target=\"_blank\" rel=\"noreferrer noopener\">Arquitetura da informa\u00e7\u00e3o para processos de neg\u00f3cio: aplica\u00e7\u00e3o no processo legislativo brasileiro<\/a>&#8220;<\/em>.<\/li> <\/ul><\/td><td class=\"has-text-align-center\" data-align=\"center\"><span class=\"lainf-ag-badge\">11h<\/span><\/td><\/tr><tr><td>Fev.\/2026<\/td><td><span class=\"lainf-ag-data\">06\/02\/2026<\/span> <ul><li>Apresenta\u00e7\u00e3o do Professor Dr. Jean Brito sobre sua tese: <em>&#8220;<a href=\"http:\/\/hdl.handle.net\/11449\/243663\" target=\"_blank\" rel=\"noreferrer noopener\">Ecologia Informacional Complexa em Museus: reflex\u00f5es do pesquisador em campo no Museu da Diversidade Sexual<\/a>&#8220;<\/em>.<\/li><\/ul><\/td><td class=\"has-text-align-center\" data-align=\"center\"><span class=\"lainf-ag-badge\">11h<\/span><\/td><\/tr><tr><td>Jan.\/2026<\/td><td><span class=\"lainf-ag-data\">30\/01\/2026<\/span> <ul><li>Apresenta\u00e7\u00e3o do Professor Dr. Henry Oliveira sobre a sua experi\u00eancia como arquiteto de informa\u00e7\u00e3o no <em>&#8220;<a href=\"https:\/\/ancib.org\/\" target=\"_blank\" rel=\"noreferrer noopener\">Portal da ANCIB<\/a>&#8220;.<\/em><\/li><\/ul><\/td><td class=\"has-text-align-center\" data-align=\"center\"><span class=\"lainf-ag-badge\">11h<\/span><\/td><\/tr><tr><td>Jan.\/2026<\/td><td><span class=\"lainf-ag-data\">23\/01\/2026<\/span><ul><li>Discuss\u00e3o do texto: <em><a href=\"https:\/\/www.rodrigorondaleon.com\/understanding-information-architecture-a-comprehensive-guide\/\" target=\"_blank\" rel=\"noreferrer noopener\">&#8220;Understanding Information Architecture: A Comprehensive Guide&#8221;<\/a><\/em>, mediado pelo Dr. Arthur Ferreira Campos.<\/li> <\/ul><\/td><td class=\"has-text-align-center\" data-align=\"center\"><span class=\"lainf-ag-badge\">11h<\/span><\/td><\/tr><tr><td>Jan.\/2026<\/td><td><span class=\"lainf-ag-data\">16\/01\/2026<\/span><ul><li>Di\u00e1logo sobre historicidade, conceitos e reflex\u00f5es de Arquitetura da Informa\u00e7\u00e3o ministrado pelo Dr. Arthur Ferreira Campos.<\/li> <\/ul><\/td><td class=\"has-text-align-center\" data-align=\"center\"><span class=\"lainf-ag-badge\">11h<\/span><\/td><\/tr><tr><td>Jan.\/2026<\/td><td><span class=\"lainf-ag-data\">09\/01\/2026<\/span> <ul><li>Apresenta\u00e7\u00e3o dos membros;<\/li><\/ul><ul><li>Di\u00e1logo sobre a proximidade dos membros com a Arquitetura da Informa\u00e7\u00e3o.<\/li> <\/ul><\/td><td class=\"has-text-align-center\" data-align=\"center\"><span class=\"lainf-ag-badge\">11h<\/span><\/td><\/tr><\/tbody><\/table><\/figure>\n<\/div>\n<\/div>\n\n\n\n<p><\/p>\n\n\n\n<p><\/p>\n\n\n\n<p><style>\n  @import url('https:\/\/fonts.googleapis.com\/css2?family=DM+Serif+Display:ital@0;1&family=DM+Sans:wght@300;400;500;600&display=swap');<\/p>\n<p>  :root {<br \/>    --azul-escuro: #1a3a5c;<br \/>    --azul-medio: #2563a8;<br \/>    --azul-claro: #e8f0fb;<br \/>    --destaque: #c8962a;<br \/>    --texto: #1e293b;<br \/>    --cinza: #64748b;<br \/>    --borda: #d1ddf0;<br \/>    --branco: #ffffff;<br \/>  }<\/p>\n<p>  * { box-sizing: border-box; margin: 0; padding: 0; }<\/p>\n<p>  body {<br \/>    font-family: 'DM Sans', sans-serif;<br \/>    background: #f4f7fd;<br \/>    color: var(--texto);<br \/>    padding: 40px 20px;<br \/>  }<\/p>\n<p>  .container {<br \/>    max-width: 900px;<br \/>    margin: 0 auto;<br \/>  }<\/p>\n<p>  .cabecalho {<br \/>    margin-bottom: 32px;<br \/>    text-align: center;<br \/>  }<\/p>\n<p>  .cabecalho .titulo-sup {<br \/>    font-family: 'DM Sans', sans-serif;<br \/>    font-size: 11px;<br \/>    font-weight: 600;<br \/>    letter-spacing: 3px;<br \/>    text-transform: uppercase;<br \/>    color: var(--azul-medio);<br \/>    margin-bottom: 8px;<br \/>  }<\/p>\n<p>  .cabecalho h2 {<br \/>    font-family: 'DM Serif Display', serif;<br \/>    font-size: 2rem;<br \/>    color: var(--azul-escuro);<br \/>    font-weight: 400;<br \/>  }<\/p>\n<p>  .cabecalho .linha {<br \/>    width: 48px;<br \/>    height: 3px;<br \/>    background: var(--destaque);<br \/>    margin: 12px auto 0;<br \/>    border-radius: 2px;<br \/>  }<\/p>\n<p>  table {<br \/>    width: 100%;<br \/>    border-collapse: separate;<br \/>    border-spacing: 0;<br \/>    background: var(--branco);<br \/>    border-radius: 12px;<br \/>    overflow: hidden;<br \/>    box-shadow: 0 4px 24px rgba(26,58,92,0.10);<br \/>  }<\/p>\n<p>  thead tr {<br \/>    background: var(--azul-escuro);<br \/>  }<\/p>\n<p>  thead th {<br \/>    font-family: 'DM Sans', sans-serif;<br \/>    font-size: 11px;<br \/>    font-weight: 600;<br \/>    letter-spacing: 2px;<br \/>    text-transform: uppercase;<br \/>    color: rgba(255,255,255,0.85);<br \/>    padding: 16px 20px;<br \/>    text-align: left;<br \/>  }<\/p>\n<p>  thead th:last-child {<br \/>    text-align: center;<br \/>  }<\/p>\n<p>  tbody tr {<br \/>    border-bottom: 1px solid var(--borda);<br \/>    transition: background 0.15s;<br \/>  }<\/p>\n<p>  tbody tr:last-child {<br \/>    border-bottom: none;<br \/>  }<\/p>\n<p>  tbody tr:hover {<br \/>    background: var(--azul-claro);<br \/>  }<\/p>\n<p>  \/* Agrupamento por m\u00eas *\/<br \/>  tbody tr.mes-jan td.col-mes { background: #eef4ff; }<br \/>  tbody tr.mes-fev td.col-mes { background: #fdf6e8; }<\/p>\n<p>  td {<br \/>    padding: 16px 20px;<br \/>    vertical-align: top;<br \/>    font-size: 0.93rem;<br \/>    line-height: 1.5;<br \/>  }<\/p>\n<p>  td.col-mes {<br \/>    font-family: 'DM Serif Display', serif;<br \/>    font-size: 1rem;<br \/>    color: var(--azul-escuro);<br \/>    font-weight: 400;<br \/>    white-space: nowrap;<br \/>    width: 110px;<br \/>    border-right: 2px solid var(--borda);<br \/>  }<\/p>\n<p>  tbody tr.mes-fev td.col-mes {<br \/>    color: #8a6010;<br \/>  }<\/p>\n<p>  td.col-pauta {<br \/>    color: var(--texto);<br \/>  }<\/p>\n<p>  td.col-pauta .data {<br \/>    font-weight: 600;<br \/>    font-size: 0.82rem;<br \/>    color: var(--azul-medio);<br \/>    letter-spacing: 0.5px;<br \/>    margin-bottom: 6px;<br \/>    display: block;<br \/>  }<\/p>\n<p>  tbody tr.mes-fev td.col-pauta .data {<br \/>    color: var(--destaque);<br \/>  }<\/p>\n<p>  td.col-pauta ul {<br \/>    list-style: none;<br \/>    padding: 0;<br \/>  }<\/p>\n<p>  td.col-pauta ul li {<br \/>    position: relative;<br \/>    padding-left: 16px;<br \/>    margin-bottom: 4px;<br \/>    color: #334155;<br \/>    font-size: 0.91rem;<br \/>  }<\/p>\n<p>  td.col-pauta ul li::before {<br \/>    content: '\u203a';<br \/>    position: absolute;<br \/>    left: 0;<br \/>    color: var(--azul-medio);<br \/>    font-weight: 700;<br \/>    font-size: 1rem;<br \/>    line-height: 1.4;<br \/>  }<\/p>\n<p>  tbody tr.mes-fev td.col-pauta ul li::before {<br \/>    color: var(--destaque);<br \/>  }<\/p>\n<p>  td.col-pauta ul li em {<br \/>    font-style: italic;<br \/>    color: #475569;<br \/>  }<\/p>\n<p>  td.col-horario {<br \/>    text-align: center;<br \/>    white-space: nowrap;<br \/>    width: 90px;<br \/>  }<\/p>\n<p>  .badge-hora {<br \/>    display: inline-flex;<br \/>    align-items: center;<br \/>    gap: 5px;<br \/>    background: var(--azul-claro);<br \/>    color: var(--azul-escuro);<br \/>    border-radius: 20px;<br \/>    padding: 4px 12px;<br \/>    font-size: 0.82rem;<br \/>    font-weight: 600;<br \/>    letter-spacing: 0.5px;<br \/>  }<\/p>\n<p>  tbody tr.mes-fev .badge-hora {<br \/>    background: #fdf0d0;<br \/>    color: #8a6010;<br \/>  }<\/p>\n<p>  .badge-hora::before {<br \/>    content: '\u25f7';<br \/>    font-size: 0.85rem;<br \/>  }<\/p>\n<p>  @media (max-width: 600px) {<br \/>    td.col-mes { width: 70px; font-size: 0.85rem; }<br \/>    td { padding: 12px 10px; font-size: 0.87rem; }<br \/>    td.col-pauta ul li { font-size: 0.85rem; }<br \/>    .cabecalho h2 { font-size: 1.5rem; }<br \/>  }<br \/><\/style><\/p>\n\n\n\n<h1 class=\"wp-block-heading\"><\/h1>\n\n\n\n<p><\/p>\n<\/div><\/div>\n","protected":false},"excerpt":{"rendered":"<p>M\u00eas\/Ano Pauta Hor\u00e1rio Maio\/2026 08\/05\/2026 Apresenta\u00e7\u00e3o do Prof. Dr. Caio Saraiva Coneglian sobre: &#8220;Recupera\u00e7\u00e3o da informa\u00e7\u00e3o e Intelig\u00eancia Artificial Generativa com large language model e retrieval-augmented generation&#8220; 11h Abr.\/2026 24\/04\/2026 Apresenta\u00e7\u00e3o do Prof. Dr. Caio Saraiva Coneglian sobre: &#8220;Web Sem\u00e2ntica e Intelig\u00eancia Artificial aplicada a Ci\u00eancia da Informa\u00e7\u00e3o&#8220;; Texto base: [&hellip;]<\/p>\n","protected":false},"author":4,"featured_media":0,"parent":0,"menu_order":0,"comment_status":"closed","ping_status":"closed","template":"","meta":{"_themeisle_gutenberg_block_has_review":false,"footnotes":""},"class_list":["post-165","page","type-page","status-publish","hentry"],"_links":{"self":[{"href":"https:\/\/lainf.ibict.br\/index.php?rest_route=\/wp\/v2\/pages\/165","targetHints":{"allow":["GET"]}}],"collection":[{"href":"https:\/\/lainf.ibict.br\/index.php?rest_route=\/wp\/v2\/pages"}],"about":[{"href":"https:\/\/lainf.ibict.br\/index.php?rest_route=\/wp\/v2\/types\/page"}],"author":[{"embeddable":true,"href":"https:\/\/lainf.ibict.br\/index.php?rest_route=\/wp\/v2\/users\/4"}],"replies":[{"embeddable":true,"href":"https:\/\/lainf.ibict.br\/index.php?rest_route=%2Fwp%2Fv2%2Fcomments&post=165"}],"version-history":[{"count":39,"href":"https:\/\/lainf.ibict.br\/index.php?rest_route=\/wp\/v2\/pages\/165\/revisions"}],"predecessor-version":[{"id":367,"href":"https:\/\/lainf.ibict.br\/index.php?rest_route=\/wp\/v2\/pages\/165\/revisions\/367"}],"wp:attachment":[{"href":"https:\/\/lainf.ibict.br\/index.php?rest_route=%2Fwp%2Fv2%2Fmedia&parent=165"}],"curies":[{"name":"wp","href":"https:\/\/api.w.org\/{rel}","templated":true}]}}