{"id":167,"date":"2026-01-19T15:13:10","date_gmt":"2026-01-19T18:13:10","guid":{"rendered":"https:\/\/lainf.ibict.br\/?page_id=167"},"modified":"2026-03-06T16:21:08","modified_gmt":"2026-03-06T19:21:08","slug":"linhas-de-pesquisa","status":"publish","type":"page","link":"https:\/\/lainf.ibict.br\/?page_id=167","title":{"rendered":"Linhas de pesquisa"},"content":{"rendered":"<h3 class=\"text-text-100 mt-2 -mb-1 text-base font-bold\" style=\"text-align: center;\">Arquitetura da Informa\u00e7\u00e3o Digital<\/h3>\n<p class=\"font-claude-response-body break-words whitespace-normal leading-[1.7]\"><span>Desenvolver pesquisas cient\u00edficas e aplicadas em Arquitetura da Informa\u00e7\u00e3o Digital, investigando m\u00e9todos, t\u00e9cnicas, tecnologias e fundamentos te\u00f3ricos para organiza\u00e7\u00e3o, navega\u00e7\u00e3o, rotulagem e recupera\u00e7\u00e3o da informa\u00e7\u00e3o em ambientes informacionais digitais. Construir ecologias informacionais complexas que promovam a encontrabilidade da informa\u00e7\u00e3o, e experi\u00eancias imersivas e transformadoras, de modo a promover a inclus\u00e3o digital e a democratiza\u00e7\u00e3o do conhecimento em contextos diversos.<\/span><\/p>\n<h3 class=\"text-text-100 mt-2 -mb-1 text-base font-bold\" style=\"text-align: center;\">Intelig\u00eancia Artificial<\/h3>\n<p class=\"font-claude-response-body break-words whitespace-normal leading-[1.7]\"><span>Investigar, desenvolver e aplicar princ\u00edpios de Arquitetura da Informa\u00e7\u00e3o que potencializem sistemas inteligentes, promovendo a organiza\u00e7\u00e3o, recupera\u00e7\u00e3o, acesso e dissemina\u00e7\u00e3o de informa\u00e7\u00f5es em ambientes mediados pela Intelig\u00eancia Artificial, com foco em solu\u00e7\u00f5es \u00e9ticas, centradas no usu\u00e1rio e adaptativas \u00e0s demandas da transforma\u00e7\u00e3o digital contempor\u00e2nea. Projetar arquiteturas informacionais para ambientes digitais, com o uso de t\u00e9cnicas e tecnologias de Intelig\u00eancia Artificial.<\/span><\/p>\n<h3 class=\"text-text-100 mt-2 -mb-1 text-base font-bold\" style=\"text-align: center;\">Patrim\u00f4nio e Cultura Digital<\/h3>\n<p class=\"font-claude-response-body break-words whitespace-normal leading-[1.7]\"><span>Desenvolver e aplicar princ\u00edpios, metodologias e solu\u00e7\u00f5es de Arquitetura da Informa\u00e7\u00e3o voltados \u00e0 organiza\u00e7\u00e3o, representa\u00e7\u00e3o, preserva\u00e7\u00e3o e dissemina\u00e7\u00e3o do patrim\u00f4nio cultural material e imaterial, promovendo o acesso democr\u00e1tico, a valoriza\u00e7\u00e3o da mem\u00f3ria coletiva e a sustentabilidade informacional do legado cultural em ambientes digitais. Projetar arquiteturas de informa\u00e7\u00f5es para reposit\u00f3rios digitais, museus virtuais, bibliotecas digitais e plataformas de acesso ao patrim\u00f4nio cultural.<\/span><\/p>\n","protected":false},"excerpt":{"rendered":"<p>Arquitetura da Informa\u00e7\u00e3o Digital Desenvolver pesquisas cient\u00edficas e aplicadas em Arquitetura da Informa\u00e7\u00e3o Digital, investigando m\u00e9todos, t\u00e9cnicas, tecnologias e fundamentos te\u00f3ricos para organiza\u00e7\u00e3o, navega\u00e7\u00e3o, rotulagem e recupera\u00e7\u00e3o da informa\u00e7\u00e3o em ambientes informacionais digitais. Construir ecologias informacionais complexas que promovam a encontrabilidade da informa\u00e7\u00e3o, e experi\u00eancias imersivas e transformadoras, de modo [&hellip;]<\/p>\n","protected":false},"author":4,"featured_media":0,"parent":0,"menu_order":0,"comment_status":"closed","ping_status":"closed","template":"","meta":{"_themeisle_gutenberg_block_has_review":false,"footnotes":""},"class_list":["post-167","page","type-page","status-publish","hentry"],"_links":{"self":[{"href":"https:\/\/lainf.ibict.br\/index.php?rest_route=\/wp\/v2\/pages\/167","targetHints":{"allow":["GET"]}}],"collection":[{"href":"https:\/\/lainf.ibict.br\/index.php?rest_route=\/wp\/v2\/pages"}],"about":[{"href":"https:\/\/lainf.ibict.br\/index.php?rest_route=\/wp\/v2\/types\/page"}],"author":[{"embeddable":true,"href":"https:\/\/lainf.ibict.br\/index.php?rest_route=\/wp\/v2\/users\/4"}],"replies":[{"embeddable":true,"href":"https:\/\/lainf.ibict.br\/index.php?rest_route=%2Fwp%2Fv2%2Fcomments&post=167"}],"version-history":[{"count":4,"href":"https:\/\/lainf.ibict.br\/index.php?rest_route=\/wp\/v2\/pages\/167\/revisions"}],"predecessor-version":[{"id":292,"href":"https:\/\/lainf.ibict.br\/index.php?rest_route=\/wp\/v2\/pages\/167\/revisions\/292"}],"wp:attachment":[{"href":"https:\/\/lainf.ibict.br\/index.php?rest_route=%2Fwp%2Fv2%2Fmedia&parent=167"}],"curies":[{"name":"wp","href":"https:\/\/api.w.org\/{rel}","templated":true}]}}